{"id":10257,"date":"2020-08-17T09:34:38","date_gmt":"2020-08-17T16:34:38","guid":{"rendered":"http:\/\/www.devcfia.com\/contacto\/"},"modified":"2025-04-28T10:49:40","modified_gmt":"2025-04-28T17:49:40","slug":"contacto","status":"publish","type":"page","link":"https:\/\/www.cfiaus.com\/es\/contacto\/","title":{"rendered":"Contacto"},"content":{"rendered":"<p>[vc_row tm_bgimagefixed=\u00bb\u00bb full_width=\u00bbstretch_row\u00bb css=\u00bb.vc_custom_1598036404834{padding-top: 75px !important;padding-bottom: 75px !important;}\u00bb tm_responsive_css=\u00bb23629896|colbreak_no|||||||||colbreak_no|||||50px||40px||colbreak_no||||||||||colbreak_no|||||||||\u00bb el_id=\u00bbcontact\u00bb][vc_column][vc_column_text]<\/p>\n<h2 class=\"tm-custom-heading \" style=\"text-align: center;\"><span style=\"color: #1026ce;\">\u00bfPreguntas sobre el proceso de inmigraci\u00f3n o la necesidad de liberar a alguien?<br \/>\n<\/span><\/h2>\n<p style=\"text-align: center;\"><a role=\"link\" href=\"https:\/\/www.cfiaus.com\/immigration-bond\/\">Haga clic aqu\u00ed para depositar una fianza de inmigraci\u00f3n.<\/a><\/p>\n<p>[\/vc_column_text][vc_row_inner css=\u00bb.vc_custom_1745862518454{padding-top: 50px !important;padding-right: 30px !important;padding-bottom: 70px !important;padding-left: 30px !important;background-color: #d1d1d1 !important;}\u00bb][vc_column_inner]<div role=\"form\" class=\"wpcf7\" id=\"wpcf7-f24810-o1\" lang=\"en-US\" dir=\"ltr\">\n<div class=\"screen-reader-response\"><p role=\"status\" aria-live=\"polite\" aria-atomic=\"true\"><\/p> <ul><\/ul><\/div>\n<form action=\"\/es\/wp-json\/wp\/v2\/pages\/10257#wpcf7-f24810-o1\" method=\"post\" class=\"wpcf7-form init\" novalidate=\"novalidate\" data-status=\"init\">\n<div style=\"display: none;\">\n<input type=\"hidden\" name=\"_wpcf7\" value=\"24810\" \/>\n<input type=\"hidden\" name=\"_wpcf7_version\" value=\"5.4\" \/>\n<input type=\"hidden\" name=\"_wpcf7_locale\" value=\"en_US\" \/>\n<input type=\"hidden\" name=\"_wpcf7_unit_tag\" value=\"wpcf7-f24810-o1\" \/>\n<input type=\"hidden\" name=\"_wpcf7_container_post\" value=\"0\" \/>\n<input type=\"hidden\" name=\"_wpcf7_posted_data_hash\" value=\"\" \/>\n<input type=\"hidden\" name=\"_wpcf7_recaptcha_response\" value=\"\" \/>\n<\/div>\n<div class=\"tm-commonform tm-contact-form-1\">\n<div class=\"row\">\n<div class=\"col-md-6\"><span class=\"wpcf7-form-control-wrap your-name\"><input type=\"text\" name=\"your-name\" value=\"\" size=\"40\" class=\"wpcf7-form-control wpcf7-text wpcf7-validates-as-required\" aria-required=\"true\" aria-invalid=\"false\" placeholder=\"Su nombre*\" \/><\/span><\/div>\n<div class=\"col-md-6\"><span class=\"wpcf7-form-control-wrap your-phone\"><input type=\"text\" name=\"your-phone\" value=\"\" size=\"40\" class=\"wpcf7-form-control wpcf7-text\" aria-invalid=\"false\" placeholder=\"N\u00famero de tel\u00e9fono*\" \/><\/span><\/div>\n<\/div>\n<div class=\"row\">\n<div class=\"col-md-6\"><span class=\"wpcf7-form-control-wrap your-email\"><input type=\"email\" name=\"your-email\" value=\"\" size=\"40\" class=\"wpcf7-form-control wpcf7-text wpcf7-email wpcf7-validates-as-required wpcf7-validates-as-email\" aria-required=\"true\" aria-invalid=\"false\" placeholder=\"Direcci\u00f3n de correo electr\u00f3nico*\" \/><\/span><\/div>\n<div class=\"col-md-6\"><span class=\"wpcf7-form-control-wrap your-subject\"><input type=\"text\" name=\"your-subject\" value=\"\" size=\"40\" class=\"wpcf7-form-control wpcf7-text wpcf7-validates-as-required\" aria-required=\"true\" aria-invalid=\"false\" placeholder=\"Nombre del detenido*\" \/><\/span><\/div>\n<\/div>\n<div class=\"row\">\n&nbsp;&nbsp;&nbsp;  Incluya A# o pa\u00eds de Nacimiento para obtener m\u00e1s ayuda.\n<div class=\"col-md-12\"><span class=\"wpcf7-form-control-wrap your-message\"><textarea name=\"your-message\" cols=\"40\" rows=\"2\" class=\"wpcf7-form-control wpcf7-textarea wpcf7-validates-as-required\" aria-required=\"true\" aria-invalid=\"false\" placeholder=\"Su Mensaje\"><\/textarea><\/span><\/div>\n<\/div>\n<div class=\"row\">\n<div class=\"col-md-6\">\n<span class=\"wpcf7-form-control-wrap recaptcha\" data-name=\"recaptcha\"><span data-sitekey=\"6LexxWElAAAAAAMGB46W3s-qpA1rl5TVo2qr5LSj\" class=\"wpcf7-form-control g-recaptcha wpcf7-recaptcha\"><\/span>\r\n<noscript>\r\n\t<div class=\"grecaptcha-noscript\">\r\n\t\t<iframe src=\"https:\/\/www.google.com\/recaptcha\/api\/fallback?k=6LexxWElAAAAAAMGB46W3s-qpA1rl5TVo2qr5LSj\" frameborder=\"0\" scrolling=\"no\" width=\"310\" height=\"430\">\r\n\t\t<\/iframe>\r\n\t\t<textarea name=\"g-recaptcha-response\" rows=\"3\" cols=\"40\" placeholder=\"Aqu\u00ed la respuesta de reCAPTCHA\">\r\n\t\t<\/textarea>\r\n\t<\/div>\r\n<\/noscript>\r\n<\/span>\n<p><input type=\"submit\" value=\"Enviar\" class=\"wpcf7-form-control wpcf7-submit tm-vc_general tm-vc_btn3 tm-vc_btn3-style-flat tm-vc_btn3-shape-square tm-vc_btn3-color-skincolor\" \/>\n<div class=\"wpcf7-response-output\" aria-hidden=\"true\"><\/div>\n<\/div>\n<\/div>\n<\/div>\n<p style=\"display: none !important;\"><label>&#916;<textarea name=\"_wpcf7_ak_hp_textarea\" cols=\"45\" rows=\"8\" maxlength=\"100\"><\/textarea><\/label><input type=\"hidden\" id=\"ak_js_1\" name=\"_wpcf7_ak_js\" value=\"61\"\/><script>document.getElementById( \"ak_js_1\" ).setAttribute( \"value\", ( new Date() ).getTime() );<\/script><\/p><\/form><\/div>[\/vc_column_inner][\/vc_row_inner][vc_row_inner css=\u00bb.vc_custom_1745862537266{padding-top: 40px !important;}\u00bb][vc_column_inner width=\u00bb1\/4&#8243;]<div class=\"tm-sbox tm-sbox-iconalign-top-center none tm-sbox-bgcolor-transparent tm-bgcolor-transparent tm-sbox-textcolor- tm-textcolor- tm-sbox-isize-md tm-sbox-isize-md tm-sbox-istyle-rounded  tm-sbox-heading-only\"><section class=\"tm-vc_cta3-container\"><div class=\"tm-vc_general tm-vc_cta3 tm-vc_cta3-align-left tm-vc_cta3-icon-size-md tm-vc_cta3-icons-top tm-vc_cta3-actions-no\"><div class=\"tm-vc_cta3-icons tm-wrap-cell\"><div class=\"tm-vc_icon_element tm-vc_icon_element-outer tm-vc_icon_element-align-left  tm-vc_icon_element-have-style\"><div class=\"tm-vc_icon_element-inner  tm-vc_icon_element-have-style-inner tm-vc_icon_element-color-skincolor tm-vc_icon_element-size-md tm-vc_icon_element-style-rounded tm-vc_icon_element-background tm-vc_icon_element-background-color-white\" ><span class=\"tm-vc_icon_element-icon fa fa-envelope-o\" ><\/span><\/div><\/div><\/div><div class=\"tm-vc_cta3_content-container\"><div class=\"tm-vc_cta3-content\"><div class=\"tm-vc_cta3-content-header tm-wrap\"><div class=\"tm-vc_cta3-headers tm-wrap-cell\"><h2 class=\"tm-custom-heading \" >Correo Electronico<\/h2>\n<\/div><\/div><\/div><div class=\"tm-cta3-desc-btn-wrapper\"><div class=\"tm-cta3-description\"><div class=\"tm-cta3-content-wrapper\"><p><a href=\"mailto:info@cfiaus.com\">info@cfiaus.com<\/a><\/p><\/div><\/div><\/div><\/div><\/div><\/section><\/div>[\/vc_column_inner][vc_column_inner width=\u00bb1\/4&#8243;]<div class=\"tm-sbox tm-sbox-iconalign-top-center none tm-sbox-bgcolor-transparent tm-bgcolor-transparent tm-sbox-textcolor- tm-textcolor- tm-sbox-isize-md tm-sbox-isize-md tm-sbox-istyle-rounded  tm-sbox-heading-only\"><section class=\"tm-vc_cta3-container\"><div class=\"tm-vc_general tm-vc_cta3 tm-vc_cta3-align-left tm-vc_cta3-icon-size-md tm-vc_cta3-icons-top tm-vc_cta3-actions-no\"><div class=\"tm-vc_cta3-icons tm-wrap-cell\"><div class=\"tm-vc_icon_element tm-vc_icon_element-outer tm-vc_icon_element-align-left  tm-vc_icon_element-have-style\"><div class=\"tm-vc_icon_element-inner  tm-vc_icon_element-have-style-inner tm-vc_icon_element-color-skincolor tm-vc_icon_element-size-md tm-vc_icon_element-style-rounded tm-vc_icon_element-background tm-vc_icon_element-background-color-white\" ><span class=\"tm-vc_icon_element-icon fa fa-phone\" ><\/span><\/div><\/div><\/div><div class=\"tm-vc_cta3_content-container\"><div class=\"tm-vc_cta3-content\"><div class=\"tm-vc_cta3-content-header tm-wrap\"><div class=\"tm-vc_cta3-headers tm-wrap-cell\"><h2 class=\"tm-custom-heading \" >Tel\u00e9fono<\/h2>\n<\/div><\/div><\/div><div class=\"tm-cta3-desc-btn-wrapper\"><div class=\"tm-cta3-description\"><div class=\"tm-cta3-content-wrapper\"><p><a href=\"tel:%20(844)%20910-2342\">(844) 910-2342<\/a><\/p><\/div><\/div><\/div><\/div><\/div><\/section><\/div>[\/vc_column_inner][vc_column_inner width=\u00bb1\/4&#8243;]<div class=\"tm-sbox tm-sbox-iconalign-top-center none tm-sbox-bgcolor-transparent tm-bgcolor-transparent tm-sbox-textcolor- tm-textcolor- tm-sbox-isize-md tm-sbox-isize-md tm-sbox-istyle-rounded  tm-sbox-heading-only\"><section class=\"tm-vc_cta3-container\"><div class=\"tm-vc_general tm-vc_cta3 tm-vc_cta3-align-left tm-vc_cta3-icon-size-md tm-vc_cta3-icons-top tm-vc_cta3-actions-no\"><div class=\"tm-vc_cta3-icons tm-wrap-cell\"><div class=\"tm-vc_icon_element tm-vc_icon_element-outer tm-vc_icon_element-align-left  tm-vc_icon_element-have-style\"><div class=\"tm-vc_icon_element-inner  tm-vc_icon_element-have-style-inner tm-vc_icon_element-color-skincolor tm-vc_icon_element-size-md tm-vc_icon_element-style-rounded tm-vc_icon_element-background tm-vc_icon_element-background-color-white\" ><span class=\"tm-vc_icon_element-icon themifyicon ti-target\" ><\/span><\/div><\/div><\/div><div class=\"tm-vc_cta3_content-container\"><div class=\"tm-vc_cta3-content\"><div class=\"tm-vc_cta3-content-header tm-wrap\"><div class=\"tm-vc_cta3-headers tm-wrap-cell\"><h2 class=\"tm-custom-heading \" >Direcci\u00f3n<\/h2>\n<\/div><\/div><\/div><div class=\"tm-cta3-desc-btn-wrapper\"><div class=\"tm-cta3-description\"><div class=\"tm-cta3-content-wrapper\"><p>1 Baxter Way, Suite 130<br \/>\nWestlake Village, CA 91362<\/p><\/div><\/div><\/div><\/div><\/div><\/section><\/div>[\/vc_column_inner][vc_column_inner width=\u00bb1\/4&#8243;]<div class=\"tm-sbox tm-sbox-iconalign-top-center none tm-sbox-bgcolor-transparent tm-bgcolor-transparent tm-sbox-textcolor- tm-textcolor- tm-sbox-isize-md tm-sbox-isize-md tm-sbox-istyle-rounded  tm-sbox-heading-only\"><section class=\"tm-vc_cta3-container\"><div class=\"tm-vc_general tm-vc_cta3 tm-vc_cta3-align-left tm-vc_cta3-icon-size-md tm-vc_cta3-icons-top tm-vc_cta3-actions-no\"><div class=\"tm-vc_cta3-icons tm-wrap-cell\"><div class=\"tm-vc_icon_element tm-vc_icon_element-outer tm-vc_icon_element-align-left  tm-vc_icon_element-have-style\"><div class=\"tm-vc_icon_element-inner  tm-vc_icon_element-have-style-inner tm-vc_icon_element-color-skincolor tm-vc_icon_element-size-md tm-vc_icon_element-style-rounded tm-vc_icon_element-background tm-vc_icon_element-background-color-white\" ><span class=\"tm-vc_icon_element-icon themifyicon ti-target\" ><\/span><\/div><\/div><\/div><div class=\"tm-vc_cta3_content-container\"><div class=\"tm-vc_cta3-content\"><div class=\"tm-vc_cta3-content-header tm-wrap\"><div class=\"tm-vc_cta3-headers tm-wrap-cell\"><h2 class=\"tm-custom-heading \" >Horas<\/h2>\n<\/div><\/div><\/div><div class=\"tm-cta3-desc-btn-wrapper\"><div class=\"tm-cta3-description\"><div class=\"tm-cta3-content-wrapper\"><p>6AM &#8211; 4PM PST<br \/>\nLunes &#8211; Viernes<\/p><\/div><\/div><\/div><\/div><\/div><\/section><\/div>[\/vc_column_inner][\/vc_row_inner][\/vc_column][\/vc_row][vc_row tm_bgimagefixed=\u00bb\u00bb full_width=\u00bbstretch_row\u00bb css=\u00bb.vc_custom_1598032677331{padding-top: 30px !important;padding-bottom: 0px !important;background-color: #f4f4f4 !important;}\u00bb][vc_column][vc_row_inner][vc_column_inner]<div class=\"themetechmount-socialbox-wrapper tm-socialbox-icon-size-large tm-socialbox-column-three  tm-heading-with-separator\"><div class=\"tm-socialbox-links-wrapper row multi-columns-row\"><div class=\"tm-socialbox-i-wrapper col-md-4 col-lg-4 col-xs-12\"><a class=\"tm-socialbox-icon-link tm-socialbox-icon-link-facebook\" target=\"_blank\" href=\"https:\/\/www.facebook.com\/Center-for-Immigration-Assistance-107098680922180\" data-tooltip=\"Facebook\"><i class=\"tm-anomica-icon-facebook\"><\/i><\/a><\/div><div class=\"tm-socialbox-i-wrapper col-md-4 col-lg-4 col-xs-12\"><a class=\"tm-socialbox-icon-link tm-socialbox-icon-link-twitter\" target=\"_blank\" href=\"https:\/\/twitter.com\/CFIA_news\" data-tooltip=\"Twitter\"><i class=\"tm-anomica-icon-twitter\"><\/i><\/a><\/div><div class=\"tm-socialbox-i-wrapper col-md-4 col-lg-4 col-xs-12\"><a class=\"tm-socialbox-icon-link tm-socialbox-icon-link-youtube\" target=\"_blank\" href=\"https:\/\/www.youtube.com\/channel\/UChtBpjtW49SMXNMC_UoFbgg\/featured?view_as=subscriber\" data-tooltip=\"YouTube\"><i class=\"tm-anomica-icon-youtube\"><\/i><\/a><\/div><\/div><!-- .tm-socialbox-links-wrapper -->  <\/div>[\/vc_column_inner][\/vc_row_inner][\/vc_column][\/vc_row]<\/p>\n","protected":false},"excerpt":{"rendered":"<p>[vc_row tm_bgimagefixed=\u00bb\u00bb full_width=\u00bbstretch_row\u00bb css=\u00bb.vc_custom_1598036404834{padding-top: 75px !important;padding-bottom: 75px !important;}\u00bb tm_responsive_css=\u00bb23629896|colbreak_no|||||||||colbreak_no|||||50px||40px||colbreak_no||||||||||colbreak_no|||||||||\u00bb el_id=\u00bbcontact\u00bb][vc_column][vc_column_text] \u00bfPreguntas sobre el proceso de inmigraci\u00f3n o la necesidad de liberar a alguien? Haga clic aqu\u00ed para depositar una fianza de inmigraci\u00f3n. [\/vc_column_text][vc_row_inner css=\u00bb.vc_custom_1745862518454{padding-top: 50px !important;padding-right: 30px !important;padding-bottom: 70px !important;padding-left: 30px !important;background-color: #d1d1d1 !important;}\u00bb][vc_column_inner][\/vc_column_inner][\/vc_row_inner][vc_row_inner css=\u00bb.vc_custom_1745862537266{padding-top: 40px !important;}\u00bb][vc_column_inner width=\u00bb1\/4&#8243;][\/vc_column_inner][vc_column_inner width=\u00bb1\/4&#8243;][\/vc_column_inner][vc_column_inner width=\u00bb1\/4&#8243;][\/vc_column_inner][vc_column_inner width=\u00bb1\/4&#8243;][\/vc_column_inner][\/vc_row_inner][\/vc_column][\/vc_row][vc_row tm_bgimagefixed=\u00bb\u00bb full_width=\u00bbstretch_row\u00bb css=\u00bb.vc_custom_1598032677331{padding-top: 30px &hellip; <a href=\"https:\/\/www.cfiaus.com\/es\/contacto\/\" class=\"more-link\">Continue reading <span class=\"screen-reader-text\">Contacto<\/span><\/a><\/p>\n","protected":false},"author":1,"featured_media":4619,"parent":0,"menu_order":11,"comment_status":"closed","ping_status":"closed","template":"","meta":[],"yoast_head":"<!-- This site is optimized with the Yoast SEO plugin v16.0.2 - https:\/\/yoast.com\/wordpress\/plugins\/seo\/ -->\n<title>Contacto - El Centro de Asistencia de Inmigraci\u00f3n<\/title>\n<meta name=\"description\" content=\"Si necesita informaci\u00f3n sobre un bono de inmigraci\u00f3n o necesita hablar con alguien en la industria de bonos de inmigraci\u00f3n llame a CFIA al (844) 910-2342.\" \/>\n<link rel=\"canonical\" href=\"https:\/\/www.cfiaus.com\/es\/contacto\/\" \/>\n<meta property=\"og:locale\" content=\"es_ES\" \/>\n<meta property=\"og:type\" content=\"article\" \/>\n<meta property=\"og:title\" content=\"Contacto - El Centro de Asistencia de Inmigraci\u00f3n\" \/>\n<meta property=\"og:description\" content=\"Si necesita informaci\u00f3n sobre un bono de inmigraci\u00f3n o necesita hablar con alguien en la industria de bonos de inmigraci\u00f3n llame a CFIA al (844) 910-2342.\" \/>\n<meta property=\"og:url\" content=\"https:\/\/www.cfiaus.com\/es\/contacto\/\" \/>\n<meta property=\"og:site_name\" content=\"El Centro de Asistencia de Inmigraci\u00f3n\" \/>\n<meta property=\"article:modified_time\" content=\"2025-04-28T17:49:40+00:00\" \/>\n<meta property=\"og:image\" content=\"https:\/\/www.cfiaus.com\/wp-content\/uploads\/2020\/07\/cfia-legal.jpg\" \/>\n\t<meta property=\"og:image:width\" content=\"1906\" \/>\n\t<meta property=\"og:image:height\" content=\"1303\" \/>\n<meta name=\"twitter:card\" content=\"summary_large_image\" \/>\n<meta name=\"twitter:label1\" content=\"Tiempo de lectura\">\n\t<meta name=\"twitter:data1\" content=\"1 minuto\">\n<script type=\"application\/ld+json\" class=\"yoast-schema-graph\">{\"@context\":\"https:\/\/schema.org\",\"@graph\":[{\"@type\":\"WebSite\",\"@id\":\"https:\/\/www.cfiaus.com\/#website\",\"url\":\"https:\/\/www.cfiaus.com\/\",\"name\":\"El Centro de Asistencia de Inmigraci\\u00f3n\",\"description\":\"El Centro de Asistencia de Inmigraci\\u00f3n (CFIA) es el recurso m\\u00e1s completo del pa\\u00eds para la inmigraci\\u00f3n \/ detenci\\u00f3n y liberaci\\u00f3n. Desde informaci\\u00f3n sobre el proceso hasta la b\\u00fasqueda de detenidos y la obtenci\\u00f3n de la liberaci\\u00f3n de alguien, la CFIA podr\\u00e1 ayudar.\",\"potentialAction\":[{\"@type\":\"SearchAction\",\"target\":\"https:\/\/www.cfiaus.com\/?s={search_term_string}\",\"query-input\":\"required name=search_term_string\"}],\"inLanguage\":\"es\"},{\"@type\":\"ImageObject\",\"@id\":\"https:\/\/www.cfiaus.com\/es\/contacto\/#primaryimage\",\"inLanguage\":\"es\",\"url\":\"https:\/\/www.cfiaus.com\/wp-content\/uploads\/2020\/07\/cfia-legal.jpg\",\"width\":1906,\"height\":1303,\"caption\":\"Centro de Asistencia de Inmigraci\\u00f3n\"},{\"@type\":\"WebPage\",\"@id\":\"https:\/\/www.cfiaus.com\/es\/contacto\/#webpage\",\"url\":\"https:\/\/www.cfiaus.com\/es\/contacto\/\",\"name\":\"Contacto - El Centro de Asistencia de Inmigraci\\u00f3n\",\"isPartOf\":{\"@id\":\"https:\/\/www.cfiaus.com\/#website\"},\"primaryImageOfPage\":{\"@id\":\"https:\/\/www.cfiaus.com\/es\/contacto\/#primaryimage\"},\"datePublished\":\"2020-08-17T16:34:38+00:00\",\"dateModified\":\"2025-04-28T17:49:40+00:00\",\"description\":\"Si necesita informaci\\u00f3n sobre un bono de inmigraci\\u00f3n o necesita hablar con alguien en la industria de bonos de inmigraci\\u00f3n llame a CFIA al (844) 910-2342.\",\"breadcrumb\":{\"@id\":\"https:\/\/www.cfiaus.com\/es\/contacto\/#breadcrumb\"},\"inLanguage\":\"es\",\"potentialAction\":[{\"@type\":\"ReadAction\",\"target\":[\"https:\/\/www.cfiaus.com\/es\/contacto\/\"]}]},{\"@type\":\"BreadcrumbList\",\"@id\":\"https:\/\/www.cfiaus.com\/es\/contacto\/#breadcrumb\",\"itemListElement\":[{\"@type\":\"ListItem\",\"position\":1,\"item\":{\"@type\":\"WebPage\",\"@id\":\"https:\/\/www.cfiaus.com\/es\/\",\"url\":\"https:\/\/www.cfiaus.com\/es\/\",\"name\":\"Hogar\"}},{\"@type\":\"ListItem\",\"position\":2,\"item\":{\"@type\":\"WebPage\",\"@id\":\"https:\/\/www.cfiaus.com\/es\/contacto\/\",\"url\":\"https:\/\/www.cfiaus.com\/es\/contacto\/\",\"name\":\"Contacto\"}}]}]}<\/script>\n<!-- \/ Yoast SEO plugin. -->","_links":{"self":[{"href":"https:\/\/www.cfiaus.com\/es\/wp-json\/wp\/v2\/pages\/10257"}],"collection":[{"href":"https:\/\/www.cfiaus.com\/es\/wp-json\/wp\/v2\/pages"}],"about":[{"href":"https:\/\/www.cfiaus.com\/es\/wp-json\/wp\/v2\/types\/page"}],"author":[{"embeddable":true,"href":"https:\/\/www.cfiaus.com\/es\/wp-json\/wp\/v2\/users\/1"}],"replies":[{"embeddable":true,"href":"https:\/\/www.cfiaus.com\/es\/wp-json\/wp\/v2\/comments?post=10257"}],"version-history":[{"count":10,"href":"https:\/\/www.cfiaus.com\/es\/wp-json\/wp\/v2\/pages\/10257\/revisions"}],"predecessor-version":[{"id":24813,"href":"https:\/\/www.cfiaus.com\/es\/wp-json\/wp\/v2\/pages\/10257\/revisions\/24813"}],"wp:featuredmedia":[{"embeddable":true,"href":"https:\/\/www.cfiaus.com\/es\/wp-json\/wp\/v2\/media\/4619"}],"wp:attachment":[{"href":"https:\/\/www.cfiaus.com\/es\/wp-json\/wp\/v2\/media?parent=10257"}],"curies":[{"name":"wp","href":"https:\/\/api.w.org\/{rel}","templated":true}]}}