{"id":6980,"date":"2020-08-14T08:30:36","date_gmt":"2020-08-14T15:30:36","guid":{"rendered":"http:\/\/www.devcfia.com\/terminos-y-condiciones\/"},"modified":"2022-01-19T07:51:27","modified_gmt":"2022-01-19T15:51:27","slug":"terminos-y-condiciones","status":"publish","type":"page","link":"https:\/\/www.cfiaus.com\/es\/terminos-y-condiciones\/","title":{"rendered":"T\u00e9rminos y condiciones"},"content":{"rendered":"<p>[vc_row][vc_column][vc_row_inner][vc_column_inner][vc_column_text]<strong>T\u00e9rminos y condiciones<\/strong><\/p>\n<p>CFIA mantiene datos e informaci\u00f3n en su sitio web, www.cfiaus.com. (\u201cSitio web\u201d). CFIA tambi\u00e9n pone a disposici\u00f3n de los usuarios el contenido del sitio web de otros sitios web de terceros. Pueden ocurrir o existir errores u omisiones en el sitio web, incluidos los sitios web de terceros. CFIA no ofrece garant\u00edas, garant\u00edas o representaciones con respecto a la exactitud o integridad de dichos datos e informaci\u00f3n proporcionada a trav\u00e9s del sitio web o sitios web de terceros. La CFIA puede modificar el sitio web de vez en cuando, por cualquier motivo y sin previo aviso. La CFIA se reserva adem\u00e1s el derecho de modificar estos T\u00e9rminos y Condiciones.<\/p>\n<p>Pol\u00edtica de privacidad<\/p>\n<p>CFIA se compromete a cumplir con las leyes y regulaciones estatales y federales que rigen la recopilaci\u00f3n y el uso de informaci\u00f3n personal y privada protegida. La CFIA no divulga informaci\u00f3n personal sobre usted a nadie, excepto seg\u00fan lo permita la ley. Usted acepta y da su consentimiento para la recopilaci\u00f3n y el uso de su informaci\u00f3n personal para que la utilice CFIA. Los datos no identificativos recopilados por el sitio web se utilizan solo para la administraci\u00f3n del servidor y el funcionamiento general del sitio web. Las direcciones de correo electr\u00f3nico de contacto que figuran en el sitio web pueden contener informaci\u00f3n que identifica a los usuarios, pero dicha informaci\u00f3n solo se utilizar\u00e1 para responder al correo electr\u00f3nico correspondiente, seg\u00fan sea necesario. CFIA no registra solicitudes http en el sitio web. Como resultado, la CFIA conoce la direcci\u00f3n IP de origen de una m\u00e1quina que solicita la URL de un sitio web. CFIA no registra la identidad espec\u00edfica de los visitantes.<\/p>\n<p>Pol\u00edtica de privacidad de California<\/p>\n<p>Vea nuestro <a href=\"https:\/\/www.aiasurety.com\/wp-content\/uploads\/2021\/12\/CCPA-Privacy-Disclosure-CA.pdf\" target=\"_blank\" rel=\"noopener noreferrer\">\u00abCCPA\u00bb \u2013 DECLARACIONES DE PRIVACIDAD-CALIFORNIA<\/a><\/p>\n<p>Comunicaciones<\/p>\n<p>Cuando se registra en el sitio web, usted reconoce y acepta que las comunicaciones (por ejemplo, correo electr\u00f3nico, consultas de b\u00fasqueda, mensajes) se transmitir\u00e1n a trav\u00e9s de la red inform\u00e1tica de CFIA.<\/p>\n<p>Indemnizaci\u00f3n<\/p>\n<p>Usted acepta indemnizar y eximir a CFIA de cualquier reclamaci\u00f3n o demanda, incluidos los honorarios razonables de abogados, realizados por cualquier tercero debido o que surjan del contenido que env\u00ede, publique, transmita, modifique o ponga a disposici\u00f3n o en el Sitio Web.<\/p>\n<p>Enlaces<\/p>\n<p>CFIA puede proporcionar enlaces a otros sitios web o recursos de terceros en todo el mundo. Usted reconoce y acepta que CFIA no es responsable de la disponibilidad de dichos sitios o recursos externos. CFIA no respalda ni es responsable de ning\u00fan contenido, publicidad, productos u otros materiales en o disponibles en dichos sitios o recursos externos.<\/p>\n<p>Informaci\u00f3n sobre marcas comerciales<\/p>\n<p>Usted acepta que todas las marcas comerciales de CFIA (incluidas, entre otras: nombres comerciales, marcas de servicio, logotipos, caracter\u00edsticas de marca y nombres de productos) son propiedad de CFIA. Cualquier uso no autorizado de estas marcas comerciales (listadas anteriormente) est\u00e1 estrictamente prohibido.<\/p>\n<p>Informaci\u00f3n general<\/p>\n<p>Los T\u00e9rminos y Condiciones anteriores constituyen el acuerdo completo entre usted y CFIA. Estos T\u00e9rminos y Condiciones rigen su uso de los servicios del Sitio Web y sustituyen a todas y cada una de las versiones anteriores.<\/p>\n<p>M\u00c1S INFORMACI\u00d3N<\/p>\n<p>Si tiene alguna pregunta sobre c\u00f3mo usamos la informaci\u00f3n que recopilamos, escr\u00edbanos a:<\/p>\n<p>AIA<br \/>\nDepartamento de Cumplimiento<br \/>\nPO Box 5600<br \/>\nThousand Oaks, CA 91359<br \/>\n[\/vc_column_text][\/vc_column_inner][\/vc_row_inner][\/vc_column][\/vc_row]<\/p>\n","protected":false},"excerpt":{"rendered":"<p>[vc_row][vc_column][vc_row_inner][vc_column_inner][vc_column_text]T\u00e9rminos y condiciones CFIA mantiene datos e informaci\u00f3n en su sitio web, www.cfiaus.com. (\u201cSitio web\u201d). CFIA tambi\u00e9n pone a disposici\u00f3n de los usuarios el contenido del sitio web de otros sitios web de terceros. Pueden ocurrir o existir errores u omisiones en el sitio web, incluidos los sitios web de terceros. CFIA no ofrece garant\u00edas, &hellip; <a href=\"https:\/\/www.cfiaus.com\/es\/terminos-y-condiciones\/\" class=\"more-link\">Continue reading <span class=\"screen-reader-text\">T\u00e9rminos y condiciones<\/span><\/a><\/p>\n","protected":false},"author":1,"featured_media":0,"parent":0,"menu_order":0,"comment_status":"closed","ping_status":"closed","template":"","meta":[],"yoast_head":"<!-- This site is optimized with the Yoast SEO plugin v16.0.2 - https:\/\/yoast.com\/wordpress\/plugins\/seo\/ -->\n<title>T\u00e9rminos y condiciones - El Centro de Asistencia de Inmigraci\u00f3n<\/title>\n<meta name=\"description\" content=\"Los t\u00e9rminos y condiciones de CFIA, la pol\u00edtica de privacidad, mantienen datos e informaci\u00f3n. CFIA se reserva el derecho de modificar los T\u00e9rminos y Condiciones.\" \/>\n<link rel=\"canonical\" href=\"https:\/\/www.cfiaus.com\/es\/terminos-y-condiciones\/\" \/>\n<meta property=\"og:locale\" content=\"es_ES\" \/>\n<meta property=\"og:type\" content=\"article\" \/>\n<meta property=\"og:title\" content=\"T\u00e9rminos y condiciones - El Centro de Asistencia de Inmigraci\u00f3n\" \/>\n<meta property=\"og:description\" content=\"Los t\u00e9rminos y condiciones de CFIA, la pol\u00edtica de privacidad, mantienen datos e informaci\u00f3n. CFIA se reserva el derecho de modificar los T\u00e9rminos y Condiciones.\" \/>\n<meta property=\"og:url\" content=\"https:\/\/www.cfiaus.com\/es\/terminos-y-condiciones\/\" \/>\n<meta property=\"og:site_name\" content=\"El Centro de Asistencia de Inmigraci\u00f3n\" \/>\n<meta property=\"article:modified_time\" content=\"2022-01-19T15:51:27+00:00\" \/>\n<meta name=\"twitter:card\" content=\"summary_large_image\" \/>\n<meta name=\"twitter:label1\" content=\"Tiempo de lectura\">\n\t<meta name=\"twitter:data1\" content=\"3 minutos\">\n<script type=\"application\/ld+json\" class=\"yoast-schema-graph\">{\"@context\":\"https:\/\/schema.org\",\"@graph\":[{\"@type\":\"WebSite\",\"@id\":\"https:\/\/www.cfiaus.com\/#website\",\"url\":\"https:\/\/www.cfiaus.com\/\",\"name\":\"El Centro de Asistencia de Inmigraci\\u00f3n\",\"description\":\"El Centro de Asistencia de Inmigraci\\u00f3n (CFIA) es el recurso m\\u00e1s completo del pa\\u00eds para la inmigraci\\u00f3n \/ detenci\\u00f3n y liberaci\\u00f3n. Desde informaci\\u00f3n sobre el proceso hasta la b\\u00fasqueda de detenidos y la obtenci\\u00f3n de la liberaci\\u00f3n de alguien, la CFIA podr\\u00e1 ayudar.\",\"potentialAction\":[{\"@type\":\"SearchAction\",\"target\":\"https:\/\/www.cfiaus.com\/?s={search_term_string}\",\"query-input\":\"required name=search_term_string\"}],\"inLanguage\":\"es\"},{\"@type\":\"WebPage\",\"@id\":\"https:\/\/www.cfiaus.com\/es\/terminos-y-condiciones\/#webpage\",\"url\":\"https:\/\/www.cfiaus.com\/es\/terminos-y-condiciones\/\",\"name\":\"T\\u00e9rminos y condiciones - El Centro de Asistencia de Inmigraci\\u00f3n\",\"isPartOf\":{\"@id\":\"https:\/\/www.cfiaus.com\/#website\"},\"datePublished\":\"2020-08-14T15:30:36+00:00\",\"dateModified\":\"2022-01-19T15:51:27+00:00\",\"description\":\"Los t\\u00e9rminos y condiciones de CFIA, la pol\\u00edtica de privacidad, mantienen datos e informaci\\u00f3n. CFIA se reserva el derecho de modificar los T\\u00e9rminos y Condiciones.\",\"breadcrumb\":{\"@id\":\"https:\/\/www.cfiaus.com\/es\/terminos-y-condiciones\/#breadcrumb\"},\"inLanguage\":\"es\",\"potentialAction\":[{\"@type\":\"ReadAction\",\"target\":[\"https:\/\/www.cfiaus.com\/es\/terminos-y-condiciones\/\"]}]},{\"@type\":\"BreadcrumbList\",\"@id\":\"https:\/\/www.cfiaus.com\/es\/terminos-y-condiciones\/#breadcrumb\",\"itemListElement\":[{\"@type\":\"ListItem\",\"position\":1,\"item\":{\"@type\":\"WebPage\",\"@id\":\"https:\/\/www.cfiaus.com\/es\/\",\"url\":\"https:\/\/www.cfiaus.com\/es\/\",\"name\":\"Hogar\"}},{\"@type\":\"ListItem\",\"position\":2,\"item\":{\"@type\":\"WebPage\",\"@id\":\"https:\/\/www.cfiaus.com\/es\/terminos-y-condiciones\/\",\"url\":\"https:\/\/www.cfiaus.com\/es\/terminos-y-condiciones\/\",\"name\":\"T\\u00e9rminos y condiciones\"}}]}]}<\/script>\n<!-- \/ Yoast SEO plugin. -->","_links":{"self":[{"href":"https:\/\/www.cfiaus.com\/es\/wp-json\/wp\/v2\/pages\/6980"}],"collection":[{"href":"https:\/\/www.cfiaus.com\/es\/wp-json\/wp\/v2\/pages"}],"about":[{"href":"https:\/\/www.cfiaus.com\/es\/wp-json\/wp\/v2\/types\/page"}],"author":[{"embeddable":true,"href":"https:\/\/www.cfiaus.com\/es\/wp-json\/wp\/v2\/users\/1"}],"replies":[{"embeddable":true,"href":"https:\/\/www.cfiaus.com\/es\/wp-json\/wp\/v2\/comments?post=6980"}],"version-history":[{"count":0,"href":"https:\/\/www.cfiaus.com\/es\/wp-json\/wp\/v2\/pages\/6980\/revisions"}],"wp:attachment":[{"href":"https:\/\/www.cfiaus.com\/es\/wp-json\/wp\/v2\/media?parent=6980"}],"curies":[{"name":"wp","href":"https:\/\/api.w.org\/{rel}","templated":true}]}}